{"id":1150,"date":"2012-10-16T13:40:31","date_gmt":"2012-10-16T13:40:31","guid":{"rendered":"http:\/\/labs.stefanschleifer.com\/codex\/?page_id=1150"},"modified":"2013-08-14T09:07:33","modified_gmt":"2013-08-14T09:07:33","slug":"bibliography","status":"publish","type":"page","link":"https:\/\/everycodextellsastory.eu\/?page_id=1150","title":{"rendered":"Bibliography"},"content":{"rendered":"<p><strong>Further reading on the manuscript case studies:<\/strong><\/p>\n<ul>\n<li>Dutch\u00a0\u00a0\u00a0\u00a0\u00a0 <a title=\"Further reading\" href=\"http:\/\/everycodextellsastory.eu\/?p=304\">The Geraardsbergen Manuscript:\u00a0Brussels, Royal Library, 837-45<\/a><\/li>\n<li>English\u00a0\u00a0\u00a0 <a title=\"Bodley 264: Further Reading\" href=\"http:\/\/everycodextellsastory.eu\/?p=2407\">MS Oxford Bodley 264:\u00a0Cultures Meeting In One Book<\/a><\/li>\n<li>French\u00a0\u00a0\u00a0\u00a0 <a title=\"Further Reading\" href=\"http:\/\/everycodextellsastory.eu\/?p=252\">BnF fr. 837: an exceptional French text collection<\/a><\/li>\n<li>German\u00a0\u00a0 <a title=\"Further Reading on Minnereden Manuscripts and Ms.germ.qu.719\" href=\"http:\/\/everycodextellsastory.eu\/?p=2718\">A Noble Hobby: Love<\/a><\/li>\n<\/ul>\n<p><strong>If you are interested in medieval books and literature, you can also check out these books:<\/strong><\/p>\n<ul>\n<li><em>Aderla\u00df und Seelentrost. Die \u00dcberlieferung deutscher Texte im Spiegel Berliner Handschriften und Inkunabeln<\/em>, eds. Peter J\u00f6rg Becker &amp; Eef Overgaauw. (Mainz am Rhein 2003)<\/li>\n<li>Raymond Clemens and Timothy Graham, <em>Introduction to Manuscript Studies. <\/em>(Cornell University Press: 2007)<\/li>\n<li>Christopher de Hamel, <em>Scribes and illuminators. <\/em>(University Toronto Press: 1992)<\/li>\n<li>Dini Hogenelst and Frits van Oostrom, <em>Handgeschreven wereld. Nederlandse literatuur en cultuur in de Middeleeuwen<\/em>. (Prometheus: 2002)<\/li>\n<li>Pieter Obbema, <em>De middeleeuwen in handen<\/em>. (Verloren: 1996)<\/li>\n<li>Richard and Mary Rouse, <em>Manuscripts and their makers. Commercial Book Producers in Medieval Paris 1200-1500<\/em>. (Harvey Miller Publishers: 2000)<\/li>\n<li>Karin Schneider, <em>Pal\u00e4ographie und Handschriftenkunde f\u00fcr Germanisten. Eine Einf\u00fchrung.<\/em> (T\u00fcbingen:\u00a0Niemeyer 1999) (Sammlung kurzer Grammatiken germanischer Dialekte. B: Erg\u00e4nzungsreihe 8)<\/li>\n<li>L.D. Reynolds and N.G. Wilson,\u00a0<em>Scribes and Scholars: A Guide to the Transmission of Greek and Latin Literature\u00a0<\/em>(Oxford: Clarendon Press, 1993) is, despite its title, very relevant to the medieval manuscript culture, and very readable.<\/li>\n<\/ul>\n","protected":false},"excerpt":{"rendered":"<p>Further reading on the manuscript case studies: Dutch\u00a0\u00a0\u00a0\u00a0\u00a0 The Geraardsbergen Manuscript:\u00a0Brussels, Royal Library, 837-45 English\u00a0\u00a0\u00a0 MS Oxford Bodley 264:\u00a0Cultures Meeting In One Book French\u00a0\u00a0\u00a0\u00a0 BnF fr. 837: an exceptional French text collection German\u00a0\u00a0 A Noble Hobby: Love If you are &hellip; <a href=\"https:\/\/everycodextellsastory.eu\/?page_id=1150\">Continue reading <span class=\"meta-nav\">&rarr;<\/span><\/a><\/p>\n","protected":false},"author":3,"featured_media":0,"parent":0,"menu_order":0,"comment_status":"open","ping_status":"closed","template":"","meta":{"footnotes":""},"_links":{"self":[{"href":"https:\/\/everycodextellsastory.eu\/index.php?rest_route=\/wp\/v2\/pages\/1150"}],"collection":[{"href":"https:\/\/everycodextellsastory.eu\/index.php?rest_route=\/wp\/v2\/pages"}],"about":[{"href":"https:\/\/everycodextellsastory.eu\/index.php?rest_route=\/wp\/v2\/types\/page"}],"author":[{"embeddable":true,"href":"https:\/\/everycodextellsastory.eu\/index.php?rest_route=\/wp\/v2\/users\/3"}],"replies":[{"embeddable":true,"href":"https:\/\/everycodextellsastory.eu\/index.php?rest_route=%2Fwp%2Fv2%2Fcomments&post=1150"}],"version-history":[{"count":35,"href":"https:\/\/everycodextellsastory.eu\/index.php?rest_route=\/wp\/v2\/pages\/1150\/revisions"}],"predecessor-version":[{"id":2822,"href":"https:\/\/everycodextellsastory.eu\/index.php?rest_route=\/wp\/v2\/pages\/1150\/revisions\/2822"}],"wp:attachment":[{"href":"https:\/\/everycodextellsastory.eu\/index.php?rest_route=%2Fwp%2Fv2%2Fmedia&parent=1150"}],"curies":[{"name":"wp","href":"https:\/\/api.w.org\/{rel}","templated":true}]}}